{"id":3,"date":"2023-06-14T17:07:55","date_gmt":"2023-06-14T17:07:55","guid":{"rendered":"https:\/\/marianabasto.mbdecor.eu\/?page_id=3"},"modified":"2023-06-15T15:20:45","modified_gmt":"2023-06-15T15:20:45","slug":"politica-privacidade","status":"publish","type":"page","link":"https:\/\/marianabasto.mbdecor.eu\/?page_id=3","title":{"rendered":"Pol\u00edtica de privacidade"},"content":{"rendered":"\n<h2 class=\"wp-block-heading\">Pol\u00edtica de privacidade<\/h2>\n\n\n\n<p>\u00daltima atualiza\u00e7\u00e3o em 15 de junho de 2023<br>Data efetiva 15 de junho de 2023<\/p>\n\n\n\n<p>Esta Pol\u00edtica de Privacidade descreve as pol\u00edticas da Astro Indom\u00e1vel Unipessoal Lda, Rua da Estrada Real, n 403,4600-078, Madalena, Amarante, Porto 4600-078, Portugal, email: geral.astroindomavel@gmail.com, telefone: 937390105 no coleta, uso e divulga\u00e7\u00e3o de suas informa\u00e7\u00f5es que coletamos quando voc\u00ea usa nosso site ( https:\/\/marianabasto.mbdecor.eu\/ ). (o servi\u00e7o&#8221;). Ao acessar ou usar o Servi\u00e7o, voc\u00ea concorda com a coleta, uso e divulga\u00e7\u00e3o de suas informa\u00e7\u00f5es de acordo com esta Pol\u00edtica de Privacidade. Se voc\u00ea n\u00e3o consentir com o mesmo, por favor, n\u00e3o acesse ou use o Servi\u00e7o.<br>Podemos modificar esta Pol\u00edtica de Privacidade a qualquer momento sem aviso pr\u00e9vio e publicaremos a Pol\u00edtica de Privacidade revisada no Servi\u00e7o. A Pol\u00edtica revisada entrar\u00e1 em vigor 180 dias a partir de quando a Pol\u00edtica revisada for publicada no Servi\u00e7o e seu acesso ou uso cont\u00ednuo do Servi\u00e7o ap\u00f3s esse per\u00edodo constituir\u00e1 sua aceita\u00e7\u00e3o da Pol\u00edtica de Privacidade revisada. Portanto, recomendamos que voc\u00ea revise periodicamente esta p\u00e1gina.<\/p>\n\n\n\n<p>Informa\u00e7\u00f5es que coletamos:<br>Coletaremos e processaremos as seguintes informa\u00e7\u00f5es pessoais sobre voc\u00ea:<\/p>\n\n\n\n<p>Nome<br>E-mail<br>M\u00f3vel<br>Endere\u00e7o<br>Informa\u00e7\u00e3o de pagamento<\/p>\n\n\n\n<p>Como coletamos suas informa\u00e7\u00f5es:<br>Coletamos\/recebemos informa\u00e7\u00f5es sobre voc\u00ea da seguinte maneira:<\/p>\n\n\n\n<p>Quando um usu\u00e1rio preenche o formul\u00e1rio de registro ou envia informa\u00e7\u00f5es pessoais<br>Interage com o site<br>De fontes p\u00fablicas<\/p>\n\n\n\n<p>Como usamos suas informa\u00e7\u00f5es:<br>Usaremos as informa\u00e7\u00f5es que coletamos sobre voc\u00ea para os seguintes fins:<\/p>\n\n\n\n<p>Marketing\/Promocional<br>Criando conta de usu\u00e1rio<br>Suporte<br>Se quisermos usar suas informa\u00e7\u00f5es para qualquer outra finalidade, solicitaremos seu consentimento e usaremos suas informa\u00e7\u00f5es somente ao receber seu consentimento e, ent\u00e3o, apenas para a(s) finalidade(s) para a qual concedemos consentimento, a menos que sejamos obrigados a fazer o contr\u00e1rio por lei.<\/p>\n\n\n\n<p>Como compartilhamos suas informa\u00e7\u00f5es:<br>N\u00e3o transferiremos suas informa\u00e7\u00f5es pessoais a terceiros sem obter seu consentimento, exceto em circunst\u00e2ncias limitadas conforme descrito abaixo:<\/p>\n\n\n\n<p>Servi\u00e7os de recupera\u00e7\u00e3o de pagamento<br>Exigimos que esses terceiros usem as informa\u00e7\u00f5es pessoais que transferimos para eles apenas para o prop\u00f3sito para o qual foram transferidas e n\u00e3o as retenham por mais tempo do que o necess\u00e1rio para cumprir o referido prop\u00f3sito.<br>Tamb\u00e9m podemos divulgar suas informa\u00e7\u00f5es pessoais para o seguinte: (1) para cumprir a lei aplic\u00e1vel, regulamenta\u00e7\u00e3o, ordem judicial ou outro processo legal; (2) para fazer cumprir seus acordos conosco, incluindo esta Pol\u00edtica de Privacidade; ou (3) para responder a alega\u00e7\u00f5es de que seu uso do Servi\u00e7o viola quaisquer direitos de terceiros. Se o Servi\u00e7o ou nossa empresa for fundido ou adquirido com outra empresa, suas informa\u00e7\u00f5es ser\u00e3o um dos ativos transferidos para o novo propriet\u00e1rio.<\/p>\n\n\n\n<p>Reten\u00e7\u00e3o de suas informa\u00e7\u00f5es:<br>Manteremos suas informa\u00e7\u00f5es pessoais conosco por 90 dias a 2 anos ap\u00f3s os usu\u00e1rios encerrarem suas contas ou pelo tempo que precisarmos para cumprir os prop\u00f3sitos para os quais foram coletadas, conforme detalhado nesta Pol\u00edtica de Privacidade. Podemos precisar reter certas informa\u00e7\u00f5es por per\u00edodos mais longos, como manuten\u00e7\u00e3o de registros \/ relat\u00f3rios de acordo com a lei aplic\u00e1vel ou por outros motivos leg\u00edtimos, como aplica\u00e7\u00e3o de direitos legais, preven\u00e7\u00e3o de fraudes, etc. Informa\u00e7\u00f5es an\u00f4nimas residuais e informa\u00e7\u00f5es agregadas, nenhuma das quais identifica voc\u00ea (direta ou indiretamente), podem ser armazenados indefinidamente.<\/p>\n\n\n\n<p>Seus direitos:<br>Dependendo da lei aplic\u00e1vel, voc\u00ea pode ter o direito de acessar e retificar ou apagar seus dados pessoais ou receber uma c\u00f3pia de seus dados pessoais, restringir ou se opor ao processamento ativo de seus dados, pe\u00e7a-nos para compartilhar (portar) seus dados pessoais informa\u00e7\u00f5es a outra entidade, retirar qualquer consentimento que voc\u00ea nos forneceu para processar seus dados, o direito de apresentar uma reclama\u00e7\u00e3o a uma autoridade legal e outros direitos que possam ser relevantes de acordo com as leis aplic\u00e1veis. Para exercer estes direitos, pode escrever-nos para geral.astroindomavel@gmail.com. Responderemos \u00e0 sua solicita\u00e7\u00e3o de acordo com a lei aplic\u00e1vel.<br>Observe que, se voc\u00ea n\u00e3o nos permitir coletar ou processar as informa\u00e7\u00f5es pessoais necess\u00e1rias ou retirar o consentimento para processar as mesmas para os fins exigidos, talvez voc\u00ea n\u00e3o consiga acessar ou usar os servi\u00e7os para os quais suas informa\u00e7\u00f5es foram solicitadas.<\/p>\n\n\n\n<p>Biscoitos Etc.<br>Para saber mais sobre como usamos isso e suas escolhas em rela\u00e7\u00e3o a essas tecnologias de rastreamento, consulte nossa Pol\u00edtica de Cookies.<\/p>\n\n\n\n<p>Seguran\u00e7a:<br>A seguran\u00e7a de suas informa\u00e7\u00f5es \u00e9 importante para n\u00f3s e usaremos medidas de seguran\u00e7a razo\u00e1veis para evitar a perda, uso indevido ou altera\u00e7\u00e3o n\u00e3o autorizada de suas informa\u00e7\u00f5es sob nosso controle. No entanto, dados os riscos inerentes, n\u00e3o podemos garantir a seguran\u00e7a absoluta e, consequentemente, n\u00e3o podemos garantir ou garantir a seguran\u00e7a de qualquer informa\u00e7\u00e3o que nos transmita e f\u00e1-lo por sua conta e risco.<\/p>\n\n\n\n<p>Diretor de Reclama\u00e7\u00f5es\/Prote\u00e7\u00e3o de Dados:<br>Se tiver alguma d\u00favida ou preocupa\u00e7\u00e3o sobre o processamento da sua informa\u00e7\u00e3o que est\u00e1 dispon\u00edvel connosco, pode enviar um e-mail para o nosso Respons\u00e1vel de Reclama\u00e7\u00f5es em Astro Indom\u00e1vel Unipessoal Lda, Rua Capit\u00e3o Salgueiro Maia n\u00b0523 4600-112 S. Gon\u00e7alo, Amarante, e-mail: geral .astroindomavel@gmail.com. Abordaremos suas preocupa\u00e7\u00f5es de acordo com a lei aplic\u00e1vel.<\/p>\n","protected":false},"excerpt":{"rendered":"<p>Pol\u00edtica de privacidade \u00daltima atualiza\u00e7\u00e3o em 15 de junho de 2023Data efetiva 15 de junho de 2023 Esta Pol\u00edtica de Privacidade descreve as pol\u00edticas da Astro Indom\u00e1vel Unipessoal Lda, Rua da Estrada Real, n 403,4600-078, Madalena, Amarante, Porto 4600-078, Portugal, email: geral.astroindomavel@gmail.com, telefone: 937390105 no coleta, uso e divulga\u00e7\u00e3o de suas informa\u00e7\u00f5es que coletamos quando &hellip;<\/p>\n<p class=\"read-more\"> <a class=\"\" href=\"https:\/\/marianabasto.mbdecor.eu\/?page_id=3\"> <span class=\"screen-reader-text\">Pol\u00edtica de privacidade<\/span> Read More &raquo;<\/a><\/p>\n","protected":false},"author":1,"featured_media":0,"parent":0,"menu_order":0,"comment_status":"closed","ping_status":"open","template":"","meta":{"site-sidebar-layout":"default","site-content-layout":"default","ast-global-header-display":"","ast-banner-title-visibility":"","ast-main-header-display":"","ast-hfb-above-header-display":"","ast-hfb-below-header-display":"","ast-hfb-mobile-header-display":"","site-post-title":"","ast-breadcrumbs-content":"","ast-featured-img":"","footer-sml-layout":"","theme-transparent-header-meta":"","adv-header-id-meta":"","stick-header-meta":"","header-above-stick-meta":"","header-main-stick-meta":"","header-below-stick-meta":"","footnotes":""},"class_list":["post-3","page","type-page","status-publish","hentry"],"_links":{"self":[{"href":"https:\/\/marianabasto.mbdecor.eu\/index.php?rest_route=\/wp\/v2\/pages\/3","targetHints":{"allow":["GET"]}}],"collection":[{"href":"https:\/\/marianabasto.mbdecor.eu\/index.php?rest_route=\/wp\/v2\/pages"}],"about":[{"href":"https:\/\/marianabasto.mbdecor.eu\/index.php?rest_route=\/wp\/v2\/types\/page"}],"author":[{"embeddable":true,"href":"https:\/\/marianabasto.mbdecor.eu\/index.php?rest_route=\/wp\/v2\/users\/1"}],"replies":[{"embeddable":true,"href":"https:\/\/marianabasto.mbdecor.eu\/index.php?rest_route=%2Fwp%2Fv2%2Fcomments&post=3"}],"version-history":[{"count":5,"href":"https:\/\/marianabasto.mbdecor.eu\/index.php?rest_route=\/wp\/v2\/pages\/3\/revisions"}],"predecessor-version":[{"id":1085,"href":"https:\/\/marianabasto.mbdecor.eu\/index.php?rest_route=\/wp\/v2\/pages\/3\/revisions\/1085"}],"wp:attachment":[{"href":"https:\/\/marianabasto.mbdecor.eu\/index.php?rest_route=%2Fwp%2Fv2%2Fmedia&parent=3"}],"curies":[{"name":"wp","href":"https:\/\/api.w.org\/{rel}","templated":true}]}}