{"id":1138,"date":"2025-12-08T22:51:28","date_gmt":"2025-12-08T22:51:28","guid":{"rendered":"https:\/\/marianabasto.mbdecor.eu\/?post_type=product&#038;p=1138"},"modified":"2025-12-08T22:51:28","modified_gmt":"2025-12-08T22:51:28","slug":"calcas-fenix","status":"publish","type":"product","link":"https:\/\/marianabasto.mbdecor.eu\/?product=calcas-fenix","title":{"rendered":"Cal\u00e7as F\u00e9nix"},"content":{"rendered":"<div class=\"xdj266r x14z9mp xat24cr x1lziwak x1vvkbs x126k92a\">\n<div dir=\"auto\">Cal\u00e7as F\u00e9nix<\/div>\n<\/div>\n<div class=\"x14z9mp xat24cr x1lziwak x1vvkbs xtlvy1s x126k92a\">\n<div dir=\"auto\">As Cal\u00e7as F\u00e9nix unem eleg\u00e2ncia e atitude num modelo de corte moderno e detalhes \u00fanicos.<\/div>\n<div dir=\"auto\">A pala assim\u00e9trica com bot\u00f5es valoriza a cintura e a cor intensa d\u00e1 um toque de for\u00e7a e presen\u00e7a.<\/div>\n<div dir=\"auto\">Confort\u00e1veis, vers\u00e1teis e cheias de personalidade \u2014 perfeitas para mulheres que querem destacar-se.<\/div>\n<\/div>\n","protected":false},"excerpt":{"rendered":"<p>Cal\u00e7as F\u00e9nix As Cal\u00e7as F\u00e9nix unem eleg\u00e2ncia e atitude num modelo de corte moderno e detalhes \u00fanicos. A pala assim\u00e9trica com bot\u00f5es valoriza a cintura e a cor intensa d\u00e1 um toque de for\u00e7a e presen\u00e7a. Confort\u00e1veis, vers\u00e1teis e cheias de personalidade \u2014 perfeitas para mulheres que querem destacar-se.<\/p>\n","protected":false},"featured_media":1139,"comment_status":"open","ping_status":"closed","template":"","meta":{"site-sidebar-layout":"default","site-content-layout":"default","ast-global-header-display":"","ast-banner-title-visibility":"","ast-main-header-display":"","ast-hfb-above-header-display":"","ast-hfb-below-header-display":"","ast-hfb-mobile-header-display":"","site-post-title":"","ast-breadcrumbs-content":"","ast-featured-img":"","footer-sml-layout":"","theme-transparent-header-meta":"default","adv-header-id-meta":"","stick-header-meta":"","header-above-stick-meta":"","header-main-stick-meta":"","header-below-stick-meta":""},"product_cat":[30],"product_tag":[],"class_list":{"0":"post-1138","1":"product","2":"type-product","3":"status-publish","4":"has-post-thumbnail","6":"product_cat-calcas","7":"desktop-align-left","8":"tablet-align-left","9":"mobile-align-left","11":"first","12":"instock","13":"taxable","14":"shipping-taxable","15":"purchasable","16":"product-type-simple"},"_links":{"self":[{"href":"https:\/\/marianabasto.mbdecor.eu\/index.php?rest_route=\/wp\/v2\/product\/1138","targetHints":{"allow":["GET"]}}],"collection":[{"href":"https:\/\/marianabasto.mbdecor.eu\/index.php?rest_route=\/wp\/v2\/product"}],"about":[{"href":"https:\/\/marianabasto.mbdecor.eu\/index.php?rest_route=\/wp\/v2\/types\/product"}],"replies":[{"embeddable":true,"href":"https:\/\/marianabasto.mbdecor.eu\/index.php?rest_route=%2Fwp%2Fv2%2Fcomments&post=1138"}],"wp:featuredmedia":[{"embeddable":true,"href":"https:\/\/marianabasto.mbdecor.eu\/index.php?rest_route=\/wp\/v2\/media\/1139"}],"wp:attachment":[{"href":"https:\/\/marianabasto.mbdecor.eu\/index.php?rest_route=%2Fwp%2Fv2%2Fmedia&parent=1138"}],"wp:term":[{"taxonomy":"product_cat","embeddable":true,"href":"https:\/\/marianabasto.mbdecor.eu\/index.php?rest_route=%2Fwp%2Fv2%2Fproduct_cat&post=1138"},{"taxonomy":"product_tag","embeddable":true,"href":"https:\/\/marianabasto.mbdecor.eu\/index.php?rest_route=%2Fwp%2Fv2%2Fproduct_tag&post=1138"}],"curies":[{"name":"wp","href":"https:\/\/api.w.org\/{rel}","templated":true}]}}